{"id":103,"date":"2014-07-10T14:38:39","date_gmt":"2014-07-10T14:38:39","guid":{"rendered":"http:\/\/10.4.9.106\/wordpress\/?page_id=103"},"modified":"2019-03-11T12:19:54","modified_gmt":"2019-03-11T15:19:54","slug":"estructura","status":"publish","type":"page","link":"https:\/\/cidetic.unlu.edu.ar\/en\/estructura\/","title":{"rendered":"Structure"},"content":{"rendered":"<div class=\"wp-block-image\"><figure class=\"alignright is-resized\"><img loading=\"lazy\" decoding=\"async\" src=\"https:\/\/cidetic.unlu.edu.ar\/wordpress\/wp-content\/uploads\/2014\/07\/organigrama.png\" alt=\"\" class=\"wp-image-464\" width=\"436\" height=\"256\" srcset=\"https:\/\/cidetic.unlu.edu.ar\/wordpress\/wp-content\/uploads\/2014\/07\/organigrama.png 856w, https:\/\/cidetic.unlu.edu.ar\/wordpress\/wp-content\/uploads\/2014\/07\/organigrama-150x88.png 150w, https:\/\/cidetic.unlu.edu.ar\/wordpress\/wp-content\/uploads\/2014\/07\/organigrama-300x176.png 300w\" sizes=\"auto, (max-width: 436px) 100vw, 436px\" \/><\/figure><\/div>\n\n\n\n<p>The Center for Research, Teaching and Extension in Information and Communication Technologies (CIDETIC) is composed of:<\/p>\n\n\n\n<ul class=\"list wp-block-list\"><li>An Academic\/Scientific Director, appointed by the Rector.<\/li><li>A Board of Directors, with representatives of the Academic Departments, the Superior Council, the Academic Secretariat and the different faculties of the university community.<\/li><li>A technical\/professional team, belonging to the General Directorate of Systems whose main mission is to keep the resources that the Center has operational and facilitate the provision of services.<\/li><li>A team of teachers who assist users in the resolution of problems related to technology and participate, together with the technical\/professional support team, in the implementation of the services provided by the Center.<\/li><\/ul>","protected":false},"excerpt":{"rendered":"<p>El Centro de Investigaci\u00f3n, Docencia y Extensi\u00f3n en Tecnolog\u00edas de la Informaci\u00f3n y la Comunicaci\u00f3n (CIDETIC) est\u00e1 integrado por: Un Director Acad\u00e9mico\/Cient\u00edfico, nombrado por el Rector. Un Consejo Directivo, con representantes de los Departamentos Acad\u00e9micos, el Consejo Superior, la Secretar\u00eda Acad\u00e9mica y los diferentes claustros de la comunidad universitaria. Un equipo t\u00e9cnico\/profesional, perteneciente a la [&hellip;]<\/p>","protected":false},"author":2,"featured_media":0,"parent":0,"menu_order":3,"comment_status":"closed","ping_status":"closed","template":"","meta":{"footnotes":""},"class_list":["post-103","page","type-page","status-publish","hentry"],"_links":{"self":[{"href":"https:\/\/cidetic.unlu.edu.ar\/en\/wp-json\/wp\/v2\/pages\/103","targetHints":{"allow":["GET"]}}],"collection":[{"href":"https:\/\/cidetic.unlu.edu.ar\/en\/wp-json\/wp\/v2\/pages"}],"about":[{"href":"https:\/\/cidetic.unlu.edu.ar\/en\/wp-json\/wp\/v2\/types\/page"}],"author":[{"embeddable":true,"href":"https:\/\/cidetic.unlu.edu.ar\/en\/wp-json\/wp\/v2\/users\/2"}],"replies":[{"embeddable":true,"href":"https:\/\/cidetic.unlu.edu.ar\/en\/wp-json\/wp\/v2\/comments?post=103"}],"version-history":[{"count":31,"href":"https:\/\/cidetic.unlu.edu.ar\/en\/wp-json\/wp\/v2\/pages\/103\/revisions"}],"predecessor-version":[{"id":843,"href":"https:\/\/cidetic.unlu.edu.ar\/en\/wp-json\/wp\/v2\/pages\/103\/revisions\/843"}],"wp:attachment":[{"href":"https:\/\/cidetic.unlu.edu.ar\/en\/wp-json\/wp\/v2\/media?parent=103"}],"curies":[{"name":"wp","href":"https:\/\/api.w.org\/{rel}","templated":true}]}}