{"id":152,"date":"2014-09-08T15:10:47","date_gmt":"2014-09-08T15:10:47","guid":{"rendered":"http:\/\/10.4.9.106\/wordpress\/?page_id=152"},"modified":"2019-03-11T12:14:44","modified_gmt":"2019-03-11T15:14:44","slug":"el-centro","status":"publish","type":"page","link":"https:\/\/cidetic.unlu.edu.ar\/en\/el-centro\/","title":{"rendered":"About CIDETIC"},"content":{"rendered":"<div class=\"wp-block-image\"><figure class=\"alignright is-resized\"><img loading=\"lazy\" decoding=\"async\" src=\"https:\/\/cidetic.unlu.edu.ar\/wordpress\/wp-content\/uploads\/2014\/09\/imagen_centro.png\" alt=\"\" class=\"wp-image-359\" width=\"423\" height=\"235\" srcset=\"https:\/\/cidetic.unlu.edu.ar\/wordpress\/wp-content\/uploads\/2014\/09\/imagen_centro.png 674w, https:\/\/cidetic.unlu.edu.ar\/wordpress\/wp-content\/uploads\/2014\/09\/imagen_centro-150x83.png 150w, https:\/\/cidetic.unlu.edu.ar\/wordpress\/wp-content\/uploads\/2014\/09\/imagen_centro-300x166.png 300w\" sizes=\"auto, (max-width: 423px) 100vw, 423px\" \/><\/figure><\/div>\n\n\n\n<p>The Center for Research, Teaching and Extension in Information and Communication Technologies (CIDETIC) is an individual unit of the National University of Luj\u00e1n created by\u00a0<a rel=\"noreferrer noopener\" href=\"http:\/\/resoluciones.unlu.edu.ar\/documento.frame.php?cod=44140\" target=\"_blank\">Resoluci\u00f3n HCS 154\/13<\/a>, with scientific\/academic competencies directly linked to ICT, Computing and Computing. It is governed by its own statute (<a rel=\"noreferrer noopener\" href=\"http:\/\/resoluciones.unlu.edu.ar\/documento.frame.php?cod=48305\" target=\"_blank\">Resoluci\u00f3n HCS 022\/14<\/a>) and internal regulations.<\/p>\n\n\n\n<p>Its main objective is to facilitate the improvement of the functions of teaching, research and extension of the UNLu, through a space of research and knowledge transfer, based on the appropriate use of Information and Communication Technologies.<\/p>\n\n\n\n<p>Its particular goals are<\/p>\n\n\n\n<ul class=\"list wp-block-list\"><li>To provide resources for research, teaching, extension and training of human resources activities.<\/li><li>To promote interdisciplinary research activities with support in the efficient use of ICT.<\/li><li>To promote activities of professional updating of specialized human resources.<\/li><li>To promote, through extension and transfer activities, the link with society in relation to the issues of its relevance.<\/li><li>To facilitate the implementation of ICT in the University through applied research and coordinated with the specific dependencies according to their competence.<\/li><\/ul>","protected":false},"excerpt":{"rendered":"<p>El Centro de Investigaci\u00f3n, Docencia y Extensi\u00f3n en Tecnolog\u00edas de la Informaci\u00f3n y las Comunicaciones (CIDETIC) es una unidad individual de la Universidad Nacional de Luj\u00e1n creado por\u00a0Resoluci\u00f3n HCS 154\/13, con competencias cient\u00edfico\/acad\u00e9micas vinculadas directamente con las TIC,\u00a0la Computaci\u00f3n y la Inform\u00e1tica. Se rige por un\u00a0estatuto propio (Resoluci\u00f3n HCS 022\/14) y reglamentaciones internas. Su objetivo [&hellip;]<\/p>","protected":false},"author":2,"featured_media":0,"parent":0,"menu_order":2,"comment_status":"closed","ping_status":"closed","template":"","meta":{"footnotes":""},"class_list":["post-152","page","type-page","status-publish","hentry"],"_links":{"self":[{"href":"https:\/\/cidetic.unlu.edu.ar\/en\/wp-json\/wp\/v2\/pages\/152","targetHints":{"allow":["GET"]}}],"collection":[{"href":"https:\/\/cidetic.unlu.edu.ar\/en\/wp-json\/wp\/v2\/pages"}],"about":[{"href":"https:\/\/cidetic.unlu.edu.ar\/en\/wp-json\/wp\/v2\/types\/page"}],"author":[{"embeddable":true,"href":"https:\/\/cidetic.unlu.edu.ar\/en\/wp-json\/wp\/v2\/users\/2"}],"replies":[{"embeddable":true,"href":"https:\/\/cidetic.unlu.edu.ar\/en\/wp-json\/wp\/v2\/comments?post=152"}],"version-history":[{"count":29,"href":"https:\/\/cidetic.unlu.edu.ar\/en\/wp-json\/wp\/v2\/pages\/152\/revisions"}],"predecessor-version":[{"id":835,"href":"https:\/\/cidetic.unlu.edu.ar\/en\/wp-json\/wp\/v2\/pages\/152\/revisions\/835"}],"wp:attachment":[{"href":"https:\/\/cidetic.unlu.edu.ar\/en\/wp-json\/wp\/v2\/media?parent=152"}],"curies":[{"name":"wp","href":"https:\/\/api.w.org\/{rel}","templated":true}]}}