{"id":154,"date":"2014-07-14T13:26:58","date_gmt":"2014-07-14T13:26:58","guid":{"rendered":"http:\/\/10.4.9.106\/wordpress\/?page_id=154"},"modified":"2014-11-07T13:25:32","modified_gmt":"2014-11-07T16:25:32","slug":"contacto","status":"publish","type":"page","link":"https:\/\/cidetic.unlu.edu.ar\/en\/contacto\/","title":{"rendered":"Contact"},"content":{"rendered":"<table>\n<tbody>\n<tr>\n<td style=\"vertical-align: top;\">\n<h4><span style=\"color: #000000;\">National University of Luj\u00e1n<\/span><\/h4>\n<p><span style=\"color: #000000;\">Ruta 5 and Avenida Constituci\u00f3n.<\/span><\/p>\n<p><span style=\"color: #000000;\">(6700) Luj\u00e1n, Buenos Aires, Argentina.<\/span><\/p>\n<p><span style=\"color: #000000;\">Phones: +54 (02323) 423979\/423171 \u2013 Int: 1674<\/span><\/p>\n<p><span style=\"color: #000000;\">cidetic@unlu.edu.ar<\/span><\/td>\n<td><a href=\"http:\/\/goo.gl\/maps\/boSKa\"><img loading=\"lazy\" decoding=\"async\" class=\"wp-image-411  aligncenter\" src=\"http:\/\/cidetic.unlu.edu.ar\/wordpress\/wp-content\/uploads\/2014\/07\/mapa.png\" alt=\"mapa\" width=\"592\" height=\"400\" srcset=\"https:\/\/cidetic.unlu.edu.ar\/wordpress\/wp-content\/uploads\/2014\/07\/mapa.png 885w, https:\/\/cidetic.unlu.edu.ar\/wordpress\/wp-content\/uploads\/2014\/07\/mapa-150x101.png 150w, https:\/\/cidetic.unlu.edu.ar\/wordpress\/wp-content\/uploads\/2014\/07\/mapa-300x202.png 300w\" sizes=\"auto, (max-width: 592px) 100vw, 592px\" \/><\/a><\/td>\n<\/tr>\n<\/tbody>\n<\/table>\n<p>&nbsp;<\/p>","protected":false},"excerpt":{"rendered":"<p>Universidad Nacional de Luj\u00e1n Ruta 5 y Avenida Constituci\u00f3n. (6700) Luj\u00e1n, Buenos Aires, Argentina. Tel\u00e9fonos: +54 (02323) 423979\/423171 &#8211; Interno: 1674 cidetic@unlu.edu.ar &nbsp;<\/p>","protected":false},"author":2,"featured_media":0,"parent":0,"menu_order":4,"comment_status":"closed","ping_status":"closed","template":"","meta":{"footnotes":""},"class_list":["post-154","page","type-page","status-publish","hentry"],"_links":{"self":[{"href":"https:\/\/cidetic.unlu.edu.ar\/en\/wp-json\/wp\/v2\/pages\/154","targetHints":{"allow":["GET"]}}],"collection":[{"href":"https:\/\/cidetic.unlu.edu.ar\/en\/wp-json\/wp\/v2\/pages"}],"about":[{"href":"https:\/\/cidetic.unlu.edu.ar\/en\/wp-json\/wp\/v2\/types\/page"}],"author":[{"embeddable":true,"href":"https:\/\/cidetic.unlu.edu.ar\/en\/wp-json\/wp\/v2\/users\/2"}],"replies":[{"embeddable":true,"href":"https:\/\/cidetic.unlu.edu.ar\/en\/wp-json\/wp\/v2\/comments?post=154"}],"version-history":[{"count":26,"href":"https:\/\/cidetic.unlu.edu.ar\/en\/wp-json\/wp\/v2\/pages\/154\/revisions"}],"predecessor-version":[{"id":446,"href":"https:\/\/cidetic.unlu.edu.ar\/en\/wp-json\/wp\/v2\/pages\/154\/revisions\/446"}],"wp:attachment":[{"href":"https:\/\/cidetic.unlu.edu.ar\/en\/wp-json\/wp\/v2\/media?parent=154"}],"curies":[{"name":"wp","href":"https:\/\/api.w.org\/{rel}","templated":true}]}}