{"id":172,"date":"2014-07-14T15:18:59","date_gmt":"2014-07-14T15:18:59","guid":{"rendered":"http:\/\/10.4.9.106\/wordpress\/?page_id=172"},"modified":"2014-11-27T11:04:57","modified_gmt":"2014-11-27T14:04:57","slug":"investigacion","status":"publish","type":"page","link":"https:\/\/cidetic.unlu.edu.ar\/en\/investigacion\/","title":{"rendered":"Research"},"content":{"rendered":"<p style=\"color: #000000; text-align: justify;\"><a href=\"http:\/\/cidetic.unlu.edu.ar\/en\/wordpress\/wp-content\/uploads\/2014\/07\/investigacion_home.png\/\"><img loading=\"lazy\" decoding=\"async\" class=\"alignright wp-image-511 size-medium\" src=\"http:\/\/cidetic.unlu.edu.ar\/wordpress\/wp-content\/uploads\/2014\/07\/investigacion_home-300x216.png\" alt=\"\" width=\"300\" height=\"216\" srcset=\"https:\/\/cidetic.unlu.edu.ar\/wordpress\/wp-content\/uploads\/2014\/07\/investigacion_home-300x216.png 300w, https:\/\/cidetic.unlu.edu.ar\/wordpress\/wp-content\/uploads\/2014\/07\/investigacion_home-150x108.png 150w, https:\/\/cidetic.unlu.edu.ar\/wordpress\/wp-content\/uploads\/2014\/07\/investigacion_home.png 567w\" sizes=\"auto, (max-width: 300px) 100vw, 300px\" \/><\/a>Una de las principales actividades del CIDETIC es el apoyo a la investigaci\u00f3n con herramientas de c\u00f3mputo intensivo y recursos humanos calificados capaces de dise\u00f1ar e implementar diferentes soluciones.\u00a0En particular, este Centro tiene entre uno de sus objetivos favorecer la investigaci\u00f3n interdisciplinaria con el uso eficiente de las Tecnolog\u00edas de la Informaci\u00f3n y la Comunicaci\u00f3n, no solamente para la resoluci\u00f3n de problemas en los que trabajan los grupos de la Universidad sino,\u00a0adem\u00e1s,\u00a0para abordar \u00abnuevos\u00bb problemas.<\/p>\n<p style=\"color: #000000; text-align: justify;\">En la actualidad, uno de los enfoques en desarrollo es el procesamiento de datos masivos (conocido como \u00abBig Data\u00bb) aplicado a disciplinas de naturaleza diversa. Este enfoque permite manipular grandes cantidades de datos\u00a0que muchas veces ocurren en tiempo real y provienen de fuentes diversas para tratar de extraer relaciones que habilitan diferentes tipos de an\u00e1lisis\u00a0y visiones de un fen\u00f3meno particular. Su aplicaci\u00f3n va desde la biolog\u00eda hasta el mundo de los negocios, pasando por las m\u00e1s diversas \u00e1reas como la medicina, la computaci\u00f3n, el marketing, el an\u00e1lisis de redes sociales, la f\u00edsica, entre otros.<\/p>\n<p style=\"color: #000000; text-align: justify;\">Another area in which computing supports research is in the field of simulation. Some solutions to multiple problems that, for some reason, can not be put into practice are modeled computationally to obtain an approximation of the behavior of a certain system. In many areas, scientific computing becomes a fundamental tool to carry out research.<\/p>\n<p style=\"color: #000000; text-align: justify;\">To address these problems, the Center has a team of teachers and computer technicians whose mission is to provide access to technology to different research groups, aiding in problem solving. These activities include model programming, simulation, proof of concept and software prototype design, and general support for data capture and processing. Many of these solutions can be implemented in computer clusters or simply in servers available for that purpose.<\/p>","protected":false},"excerpt":{"rendered":"<p>Una de las principales actividades del CIDETIC es el apoyo a la investigaci\u00f3n con herramientas de c\u00f3mputo intensivo y recursos humanos calificados capaces de dise\u00f1ar e implementar diferentes soluciones.\u00a0En particular, este Centro tiene entre uno de sus objetivos favorecer la investigaci\u00f3n interdisciplinaria con el uso eficiente de las Tecnolog\u00edas de la Informaci\u00f3n y la Comunicaci\u00f3n, [&hellip;]<\/p>","protected":false},"author":2,"featured_media":184,"parent":0,"menu_order":0,"comment_status":"closed","ping_status":"closed","template":"","meta":{"footnotes":""},"class_list":["post-172","page","type-page","status-publish","has-post-thumbnail","hentry"],"_links":{"self":[{"href":"https:\/\/cidetic.unlu.edu.ar\/en\/wp-json\/wp\/v2\/pages\/172","targetHints":{"allow":["GET"]}}],"collection":[{"href":"https:\/\/cidetic.unlu.edu.ar\/en\/wp-json\/wp\/v2\/pages"}],"about":[{"href":"https:\/\/cidetic.unlu.edu.ar\/en\/wp-json\/wp\/v2\/types\/page"}],"author":[{"embeddable":true,"href":"https:\/\/cidetic.unlu.edu.ar\/en\/wp-json\/wp\/v2\/users\/2"}],"replies":[{"embeddable":true,"href":"https:\/\/cidetic.unlu.edu.ar\/en\/wp-json\/wp\/v2\/comments?post=172"}],"version-history":[{"count":14,"href":"https:\/\/cidetic.unlu.edu.ar\/en\/wp-json\/wp\/v2\/pages\/172\/revisions"}],"predecessor-version":[{"id":512,"href":"https:\/\/cidetic.unlu.edu.ar\/en\/wp-json\/wp\/v2\/pages\/172\/revisions\/512"}],"wp:featuredmedia":[{"embeddable":true,"href":"https:\/\/cidetic.unlu.edu.ar\/en\/wp-json\/wp\/v2\/media\/184"}],"wp:attachment":[{"href":"https:\/\/cidetic.unlu.edu.ar\/en\/wp-json\/wp\/v2\/media?parent=172"}],"curies":[{"name":"wp","href":"https:\/\/api.w.org\/{rel}","templated":true}]}}