{"id":221,"date":"2014-09-08T14:45:18","date_gmt":"2014-09-08T14:45:18","guid":{"rendered":"http:\/\/170.210.103.33\/wordpress\/?page_id=221"},"modified":"2019-03-11T12:25:07","modified_gmt":"2019-03-11T15:25:07","slug":"beneficiarios","status":"publish","type":"page","link":"https:\/\/cidetic.unlu.edu.ar\/en\/beneficiarios\/","title":{"rendered":"Beneficiaries"},"content":{"rendered":"<div class=\"wp-block-image\"><figure class=\"alignright\"><img loading=\"lazy\" decoding=\"async\" width=\"360\" height=\"306\" src=\"https:\/\/cidetic.unlu.edu.ar\/wordpress\/wp-content\/uploads\/2014\/09\/beneficiarios.png\" alt=\"\" class=\"wp-image-357\" srcset=\"https:\/\/cidetic.unlu.edu.ar\/wordpress\/wp-content\/uploads\/2014\/09\/beneficiarios.png 360w, https:\/\/cidetic.unlu.edu.ar\/wordpress\/wp-content\/uploads\/2014\/09\/beneficiarios-150x127.png 150w, https:\/\/cidetic.unlu.edu.ar\/wordpress\/wp-content\/uploads\/2014\/09\/beneficiarios-300x255.png 300w\" sizes=\"auto, (max-width: 360px) 100vw, 360px\" \/><\/figure><\/div>\n\n\n\n<p>The resources of the Center are available to the entire university community that performs teaching, research and extension tasks in areas of knowledge related to ICT. The assignment of these is regulated by the Board of Directors, taking into account the disciplinary relevance of the activities, groups and \/ or teachers.<\/p>\n\n\n\n<p>The direct beneficiaries are:<\/p>\n\n\n\n<ul class=\"list wp-block-list\"><li>Research groups formally constituted, with projects approved in one of the academic departments and requiring the resources of the Center.<\/li><li>Postgraduate students who need massive data processing and\/or high-performance ICT equipment to carry out their thesis.<\/li><li>Teachers of different careers that require high-performance computing resources for academic purposes.<\/li><li>Final work students of different careers that require high-performance computing resources.<\/li><li>Academic activities that need specific resources for the development of practical work.<\/li><li>The Technical Staff, through the General Directorate of Systems, for the applied research of new ICT services in the University.<\/li><\/ul>","protected":false},"excerpt":{"rendered":"<p>Los recursos del Centro est\u00e1n a disposici\u00f3n\u00a0de toda la comunidad universitaria que realiza tareas de docencia, investigaci\u00f3n y extensi\u00f3n en \u00e1reas del\u00a0conocimiento relacionadas con las TIC. La asignaci\u00f3n de los\u00a0mismos est\u00e1 reglamentada por el Consejo Directivo, teniendo en cuenta\u00a0la\u00a0pertinencia\u00a0disciplinar\u00a0de\u00a0las actividades, grupos y\/o docentes. Son beneficiarios directos: Grupos de investigaci\u00f3n formalmente constituidos, con proyectos aprobados en [&hellip;]<\/p>","protected":false},"author":2,"featured_media":0,"parent":0,"menu_order":0,"comment_status":"closed","ping_status":"closed","template":"","meta":{"footnotes":""},"class_list":["post-221","page","type-page","status-publish","hentry"],"_links":{"self":[{"href":"https:\/\/cidetic.unlu.edu.ar\/en\/wp-json\/wp\/v2\/pages\/221","targetHints":{"allow":["GET"]}}],"collection":[{"href":"https:\/\/cidetic.unlu.edu.ar\/en\/wp-json\/wp\/v2\/pages"}],"about":[{"href":"https:\/\/cidetic.unlu.edu.ar\/en\/wp-json\/wp\/v2\/types\/page"}],"author":[{"embeddable":true,"href":"https:\/\/cidetic.unlu.edu.ar\/en\/wp-json\/wp\/v2\/users\/2"}],"replies":[{"embeddable":true,"href":"https:\/\/cidetic.unlu.edu.ar\/en\/wp-json\/wp\/v2\/comments?post=221"}],"version-history":[{"count":18,"href":"https:\/\/cidetic.unlu.edu.ar\/en\/wp-json\/wp\/v2\/pages\/221\/revisions"}],"predecessor-version":[{"id":846,"href":"https:\/\/cidetic.unlu.edu.ar\/en\/wp-json\/wp\/v2\/pages\/221\/revisions\/846"}],"wp:attachment":[{"href":"https:\/\/cidetic.unlu.edu.ar\/en\/wp-json\/wp\/v2\/media?parent=221"}],"curies":[{"name":"wp","href":"https:\/\/api.w.org\/{rel}","templated":true}]}}