{"id":223,"date":"2014-09-08T14:45:30","date_gmt":"2014-09-08T14:45:30","guid":{"rendered":"http:\/\/170.210.103.33\/wordpress\/?page_id=223"},"modified":"2019-03-12T20:57:28","modified_gmt":"2019-03-12T23:57:28","slug":"recursos","status":"publish","type":"page","link":"https:\/\/cidetic.unlu.edu.ar\/en\/recursos\/","title":{"rendered":"Resources"},"content":{"rendered":"<div class=\"wp-block-image\"><figure class=\"alignright is-resized\"><img loading=\"lazy\" decoding=\"async\" src=\"https:\/\/cidetic.unlu.edu.ar\/wordpress\/wp-content\/uploads\/2014\/09\/recursos.png\" alt=\"\" class=\"wp-image-404\" width=\"408\" height=\"252\" srcset=\"https:\/\/cidetic.unlu.edu.ar\/wordpress\/wp-content\/uploads\/2014\/09\/recursos.png 792w, https:\/\/cidetic.unlu.edu.ar\/wordpress\/wp-content\/uploads\/2014\/09\/recursos-150x92.png 150w, https:\/\/cidetic.unlu.edu.ar\/wordpress\/wp-content\/uploads\/2014\/09\/recursos-300x185.png 300w\" sizes=\"auto, (max-width: 408px) 100vw, 408px\" \/><\/figure><\/div>\n\n\n\n<p>Equipment for high performance scientific computing.<\/p>\n\n\n\n<ul class=\"list wp-block-list\"><li>Clusters \u00abPantera\u00bb y \u00abRa\u00bb. Equipos con m\u00faltiples procesadores multicores, con almacenamiento dedicado y aceleradoras gr\u00e1ficas. Principalmente dedicados al procesamiento de grandes vol\u00famenes de datos y a la resoluci\u00f3n de problemas complejos.<\/li><\/ul>\n\n\n\n<p>Virtual machines and cloud computing services.<\/p>\n\n\n\n<ul class=\"list wp-block-list\"><li> Servers with virtual machines for projects that require special services that can scale in benefits according to the needs. <\/li><\/ul>\n\n\n\n<p>Equipment for online services, mobile and work stations.<\/p>\n\n\n\n<ul class=\"list wp-block-list\"><li>Servers to host online services that support the development of projects, experimentation and platform testing. In addition, the Center has mobile teams and work stations to offer beneficiaries.<\/li><\/ul>\n\n\n\n<p>A physical and virtual space for research groups to hold work meetings, experimentation and training activities. A team of professionals and technicians in ICT, computer and IT who act as consultants, facilitators and programmers (according to the needs)<\/p>\n\n\n\n<ul class=\"list wp-block-list\"><li>This team of CIDETIC helps the beneficiaries in the resolution of computer problems, facilitating the implementation of solutions to problems related to teaching and research.<\/li><\/ul>","protected":false},"excerpt":{"rendered":"<p>Equipamiento\u00a0para\u00a0c\u00f3mputo\u00a0cient\u00edfico\u00a0de\u00a0altas\u00a0prestaciones. Clusters \u00abPantera\u00bb y \u00abRa\u00bb. Equipos con m\u00faltiples procesadores multicores, con almacenamiento dedicado y aceleradoras gr\u00e1ficas. Principalmente dedicados al procesamiento de grandes vol\u00famenes de datos y a la resoluci\u00f3n de problemas complejos. M\u00e1quinas virtuales y servicios de computaci\u00f3n en la nube. Servidores con m\u00e1quinas virtuales para proyectos que requieran servicios especiales que puedan escalar en [&hellip;]<\/p>","protected":false},"author":2,"featured_media":0,"parent":0,"menu_order":0,"comment_status":"closed","ping_status":"closed","template":"","meta":{"footnotes":""},"class_list":["post-223","page","type-page","status-publish","hentry"],"_links":{"self":[{"href":"https:\/\/cidetic.unlu.edu.ar\/en\/wp-json\/wp\/v2\/pages\/223","targetHints":{"allow":["GET"]}}],"collection":[{"href":"https:\/\/cidetic.unlu.edu.ar\/en\/wp-json\/wp\/v2\/pages"}],"about":[{"href":"https:\/\/cidetic.unlu.edu.ar\/en\/wp-json\/wp\/v2\/types\/page"}],"author":[{"embeddable":true,"href":"https:\/\/cidetic.unlu.edu.ar\/en\/wp-json\/wp\/v2\/users\/2"}],"replies":[{"embeddable":true,"href":"https:\/\/cidetic.unlu.edu.ar\/en\/wp-json\/wp\/v2\/comments?post=223"}],"version-history":[{"count":39,"href":"https:\/\/cidetic.unlu.edu.ar\/en\/wp-json\/wp\/v2\/pages\/223\/revisions"}],"predecessor-version":[{"id":859,"href":"https:\/\/cidetic.unlu.edu.ar\/en\/wp-json\/wp\/v2\/pages\/223\/revisions\/859"}],"wp:attachment":[{"href":"https:\/\/cidetic.unlu.edu.ar\/en\/wp-json\/wp\/v2\/media?parent=223"}],"curies":[{"name":"wp","href":"https:\/\/api.w.org\/{rel}","templated":true}]}}