{"id":225,"date":"2014-07-21T20:03:43","date_gmt":"2014-07-21T20:03:43","guid":{"rendered":"http:\/\/170.210.103.33\/wordpress\/?page_id=225"},"modified":"2022-07-13T12:29:55","modified_gmt":"2022-07-13T15:29:55","slug":"servicios-2","status":"publish","type":"page","link":"https:\/\/cidetic.unlu.edu.ar\/en\/servicios-2\/","title":{"rendered":"Internal services"},"content":{"rendered":"<div class=\"wp-block-image\"><figure class=\"alignright is-resized\"><img loading=\"lazy\" decoding=\"async\" src=\"https:\/\/cidetic.unlu.edu.ar\/wordpress\/wp-content\/uploads\/2014\/07\/servicios.png\" alt=\"\" class=\"wp-image-396\" width=\"331\" height=\"295\" srcset=\"https:\/\/cidetic.unlu.edu.ar\/wordpress\/wp-content\/uploads\/2014\/07\/servicios.png 667w, https:\/\/cidetic.unlu.edu.ar\/wordpress\/wp-content\/uploads\/2014\/07\/servicios-150x134.png 150w, https:\/\/cidetic.unlu.edu.ar\/wordpress\/wp-content\/uploads\/2014\/07\/servicios-300x268.png 300w\" sizes=\"auto, (max-width: 331px) 100vw, 331px\" \/><\/figure><\/div>\n\n\n\n<p>Para solicitar los servicios del CIDETIC, los beneficiarios deben presentar una solicitud de \u00abVinculaci\u00f3n\u00bb con el Centro, simplemente completando el formulario correspondiente y anexando la documentaci\u00f3n requerida seg\u00fan el Reglamento de Asignaci\u00f3n de Recursos.<\/p>\n\n\n\n<p>Regulation of Allocation of Resources [<a rel=\"noreferrer noopener\" aria-label=\" (abre en una nueva pesta\u00f1a)\" href=\"https:\/\/cidetic.unlu.edu.ar\/en\/wordpress\/wp-content\/uploads\/2022\/07\/CIDETIC-Reglamento-UsoRecursos.pdf\/\" target=\"_blank\">Download<\/a>]<br>Linkage form [<a href=\"https:\/\/cidetic.unlu.edu.ar\/en\/wordpress\/wp-content\/uploads\/2022\/07\/Formulario-de-vinculaci\u00f3n.docx.pdf\/\" target=\"_blank\" rel=\"noreferrer noopener\" aria-label=\" (abre en una nueva pesta\u00f1a)\">Download<\/a>]<\/p>\n\n\n\n<p>For each particular service there are different requirements, namely:<\/p>\n\n\n\n<ul class=\"list wp-block-list\"><li>Access to intensive computing clusters \u00a0 <ul><li>Linkage.<\/li><li>Request by cluster user mail. <\/li><\/ul><\/li><li>Virtual machine hosting \u00a0 <ul><li>Linkage. <\/li><li>Terms of Acceptable Use of Virtual Machines [<a href=\"https:\/\/cidetic.unlu.edu.ar\/en\/wordpress\/wp-content\/uploads\/2022\/07\/UsoAceptable-MV.pdf\/\">Download<\/a>] \u00a0 <\/li><li>Application by mail of VM with justification of use. <\/li><\/ul><\/li><li>Hosting of specific services \u00a0 <ul><li>Linkage. \u00a0 <\/li><li>Application by mail with justification of use (to be evaluated by the Board of Directors). <\/li><\/ul><\/li><li>Application of mobile equipment \u00a0 <ul><li>Linkage. <\/li><li>Form of Comodato with justification of use. <\/li><\/ul><\/li><li>Use of the video conference room \u00a0 <ul><li>Request by mail of shift in the room (priority beneficiaries linked). <\/li><\/ul><\/li><\/ul>","protected":false},"excerpt":{"rendered":"<p>Para solicitar los servicios del CIDETIC, los beneficiarios deben presentar una solicitud de \u00abVinculaci\u00f3n\u00bb con el Centro, simplemente completando el formulario correspondiente y anexando la documentaci\u00f3n requerida seg\u00fan el Reglamento de Asignaci\u00f3n de Recursos. Reglamento de Asignaci\u00f3n de Recursos [Descargar]Formulario de vinculaci\u00f3n [Descargar] Para cada servicio particular existen diferentes requisitos, a saber: Acceso a los [&hellip;]<\/p>","protected":false},"author":2,"featured_media":0,"parent":0,"menu_order":0,"comment_status":"closed","ping_status":"closed","template":"","meta":{"footnotes":""},"class_list":["post-225","page","type-page","status-publish","hentry"],"_links":{"self":[{"href":"https:\/\/cidetic.unlu.edu.ar\/en\/wp-json\/wp\/v2\/pages\/225","targetHints":{"allow":["GET"]}}],"collection":[{"href":"https:\/\/cidetic.unlu.edu.ar\/en\/wp-json\/wp\/v2\/pages"}],"about":[{"href":"https:\/\/cidetic.unlu.edu.ar\/en\/wp-json\/wp\/v2\/types\/page"}],"author":[{"embeddable":true,"href":"https:\/\/cidetic.unlu.edu.ar\/en\/wp-json\/wp\/v2\/users\/2"}],"replies":[{"embeddable":true,"href":"https:\/\/cidetic.unlu.edu.ar\/en\/wp-json\/wp\/v2\/comments?post=225"}],"version-history":[{"count":36,"href":"https:\/\/cidetic.unlu.edu.ar\/en\/wp-json\/wp\/v2\/pages\/225\/revisions"}],"predecessor-version":[{"id":965,"href":"https:\/\/cidetic.unlu.edu.ar\/en\/wp-json\/wp\/v2\/pages\/225\/revisions\/965"}],"wp:attachment":[{"href":"https:\/\/cidetic.unlu.edu.ar\/en\/wp-json\/wp\/v2\/media?parent=225"}],"curies":[{"name":"wp","href":"https:\/\/api.w.org\/{rel}","templated":true}]}}