{"id":694,"date":"2017-05-18T09:39:42","date_gmt":"2017-05-18T12:39:42","guid":{"rendered":"http:\/\/cidetic.unlu.edu.ar\/?page_id=694"},"modified":"2019-03-13T20:35:33","modified_gmt":"2019-03-13T23:35:33","slug":"servicios-a-terceros","status":"publish","type":"page","link":"https:\/\/cidetic.unlu.edu.ar\/en\/servicios-a-terceros\/","title":{"rendered":"External services"},"content":{"rendered":"<div class=\"wp-block-image\"><figure class=\"alignleft\"><img loading=\"lazy\" decoding=\"async\" width=\"372\" height=\"146\" src=\"https:\/\/cidetic.unlu.edu.ar\/wordpress\/wp-content\/uploads\/2017\/05\/servicioATerceros.png\" alt=\"\" class=\"wp-image-695\" srcset=\"https:\/\/cidetic.unlu.edu.ar\/wordpress\/wp-content\/uploads\/2017\/05\/servicioATerceros.png 372w, https:\/\/cidetic.unlu.edu.ar\/wordpress\/wp-content\/uploads\/2017\/05\/servicioATerceros-150x59.png 150w, https:\/\/cidetic.unlu.edu.ar\/wordpress\/wp-content\/uploads\/2017\/05\/servicioATerceros-300x118.png 300w\" sizes=\"auto, (max-width: 372px) 100vw, 372px\" \/><\/figure><\/div>\n\n\n\n<p>CIDETIC offers consulting and training services in the ICT area for companies and professionals outside the National University of Luj\u00e1n.<\/p>\n\n\n\n<p>For this, it coordinates actions with the Technical Assistance Center (CATEC) for the organization and management of the requirements and with the Academic Departments to access professionals in the different areas of knowledge.<\/p>\n\n\n\n<h4 class=\"wp-block-heading\"><strong>Geographical Data Processing<\/strong><\/h4>\n\n\n\n<p>Many of the data available today have the added value of being georeferenced, that is, their value applies to a specific place and offers a description of a phenomenon in a specific place. The Center has geographic information management platforms, with the aim of storage, analysis and visualization.<\/p>\n\n\n\n<figure class=\"wp-block-image\"><img loading=\"lazy\" decoding=\"async\" width=\"476\" height=\"57\" src=\"https:\/\/cidetic.unlu.edu.ar\/wordpress\/wp-content\/uploads\/2017\/05\/logo_geo.png\" alt=\"\" class=\"wp-image-703\" srcset=\"https:\/\/cidetic.unlu.edu.ar\/wordpress\/wp-content\/uploads\/2017\/05\/logo_geo.png 476w, https:\/\/cidetic.unlu.edu.ar\/wordpress\/wp-content\/uploads\/2017\/05\/logo_geo-150x18.png 150w, https:\/\/cidetic.unlu.edu.ar\/wordpress\/wp-content\/uploads\/2017\/05\/logo_geo-300x36.png 300w\" sizes=\"auto, (max-width: 476px) 100vw, 476px\" \/><\/figure>\n\n\n\n<h4 class=\"wp-block-heading\"><strong>Processing and Analysis of Massive Data<\/strong><\/h4>\n\n\n\n<p>The amount and variety of data available on-line today opens new opportunities to produce information that is useful for the improvement of various processes, both in business and in research. However, it is not trivial to capture and process certain volumes of data, for example, from social networks or historical databases, since adequate hardware and software platforms are required, along with professionals who can carry out the task efficiently. The CIDETIC has the necessary resources to carry out this type of task either autonomously or, for example, monitoring trends in social networks or in R & D, carrying out exploratory data analysis and prospections.<\/p>\n\n\n\n<figure class=\"wp-block-image\"><img loading=\"lazy\" decoding=\"async\" width=\"350\" height=\"52\" src=\"https:\/\/cidetic.unlu.edu.ar\/wordpress\/wp-content\/uploads\/2017\/05\/logos_procesamineto_masivo.png\" alt=\"\" class=\"wp-image-704\" srcset=\"https:\/\/cidetic.unlu.edu.ar\/wordpress\/wp-content\/uploads\/2017\/05\/logos_procesamineto_masivo.png 350w, https:\/\/cidetic.unlu.edu.ar\/wordpress\/wp-content\/uploads\/2017\/05\/logos_procesamineto_masivo-150x22.png 150w, https:\/\/cidetic.unlu.edu.ar\/wordpress\/wp-content\/uploads\/2017\/05\/logos_procesamineto_masivo-300x45.png 300w\" sizes=\"auto, (max-width: 350px) 100vw, 350px\" \/><\/figure>\n\n\n\n<h4 class=\"wp-block-heading\"><strong>Survey Capture and Processing<\/strong><\/h4>\n\n\n\n<p>Many activities require surveying data in the form of a survey, either to project the execution of an activity, to know a target population and to gather information about a process that has already taken place, among others. The dynamics of this activity sometimes requires a quick but effective design of the capture tool (online form) as well as its processing, both basic and advanced. The Center works with survey management software that allows an efficient development of the catch and then offers the main results on the collected data.<\/p>\n\n\n\n<figure class=\"wp-block-image is-resized\"><img loading=\"lazy\" decoding=\"async\" src=\"https:\/\/cidetic.unlu.edu.ar\/wordpress\/wp-content\/uploads\/2017\/05\/logo_encuestas.png\" alt=\"\" class=\"wp-image-705\" width=\"341\" height=\"82\" srcset=\"https:\/\/cidetic.unlu.edu.ar\/wordpress\/wp-content\/uploads\/2017\/05\/logo_encuestas.png 457w, https:\/\/cidetic.unlu.edu.ar\/wordpress\/wp-content\/uploads\/2017\/05\/logo_encuestas-150x36.png 150w, https:\/\/cidetic.unlu.edu.ar\/wordpress\/wp-content\/uploads\/2017\/05\/logo_encuestas-300x72.png 300w\" sizes=\"auto, (max-width: 341px) 100vw, 341px\" \/><\/figure>\n\n\n\n<h4 class=\"wp-block-heading\"><strong>Training of Human Resources in ICT<\/strong><\/h4>\n\n\n\n<p>In this aspect, the Center offers the design, planning and execution of courses, seminars and \/ or training sessions on topics related to ICT. The nature of the same in terms of the theoretical\/practical approach is adjusted according to the request of the applicant organization, the duration and the target audience<\/p>","protected":false},"excerpt":{"rendered":"<p>El CIDETIC ofrece servicios de consultor\u00eda y capacitaci\u00f3n en el \u00e1rea de TIC para empresas y profesionales externos a la Universidad Nacional de Luj\u00e1n. Para ello, coordina acciones con el Centro de Asistencia T\u00e9cnica (CATEC) para la organizaci\u00f3n y gesti\u00f3n de los requerimientos y con los Departamentos Acad\u00e9micos para acceder a profesionales en las diferentes [&hellip;]<\/p>","protected":false},"author":2,"featured_media":0,"parent":0,"menu_order":0,"comment_status":"closed","ping_status":"closed","template":"","meta":{"footnotes":""},"class_list":["post-694","page","type-page","status-publish","hentry"],"_links":{"self":[{"href":"https:\/\/cidetic.unlu.edu.ar\/en\/wp-json\/wp\/v2\/pages\/694","targetHints":{"allow":["GET"]}}],"collection":[{"href":"https:\/\/cidetic.unlu.edu.ar\/en\/wp-json\/wp\/v2\/pages"}],"about":[{"href":"https:\/\/cidetic.unlu.edu.ar\/en\/wp-json\/wp\/v2\/types\/page"}],"author":[{"embeddable":true,"href":"https:\/\/cidetic.unlu.edu.ar\/en\/wp-json\/wp\/v2\/users\/2"}],"replies":[{"embeddable":true,"href":"https:\/\/cidetic.unlu.edu.ar\/en\/wp-json\/wp\/v2\/comments?post=694"}],"version-history":[{"count":21,"href":"https:\/\/cidetic.unlu.edu.ar\/en\/wp-json\/wp\/v2\/pages\/694\/revisions"}],"predecessor-version":[{"id":893,"href":"https:\/\/cidetic.unlu.edu.ar\/en\/wp-json\/wp\/v2\/pages\/694\/revisions\/893"}],"wp:attachment":[{"href":"https:\/\/cidetic.unlu.edu.ar\/en\/wp-json\/wp\/v2\/media?parent=694"}],"curies":[{"name":"wp","href":"https:\/\/api.w.org\/{rel}","templated":true}]}}