{"id":874,"date":"2019-03-13T08:30:04","date_gmt":"2019-03-13T11:30:04","guid":{"rendered":"https:\/\/cidetic.unlu.edu.ar\/?page_id=874"},"modified":"2019-03-13T08:51:17","modified_gmt":"2019-03-13T11:51:17","slug":"acceder-a-servicios","status":"publish","type":"page","link":"https:\/\/cidetic.unlu.edu.ar\/en\/acceder-a-servicios\/","title":{"rendered":"Access services"},"content":{"rendered":"<h4 class=\"wp-block-heading\"><a href=\"https:\/\/serv.cidetic.unlu.edu.ar\/ibr\">Service&nbsp;<em>Integrated Biomaker Response&nbsp;<\/em>(IBR)<\/a><\/h4>\n\n\n\n<p>Application for the calculation of the IBR (Integrated Biomaker Response) metric based on a series of variables provided by the user and according to a requirement of the PRODEA-UNLu laboratory.<\/p>\n\n\n\n<h4 class=\"wp-block-heading\"><a href=\"https:\/\/meteoro.unlu.edu.ar\/\">Pluviometric Network of the Luj\u00e1n River Basin<\/a><\/h4>\n\n\n\n<p>Collaborative system (crowdsourced) for collection of rain gauge measurements distributed over the Luj\u00e1n River basin, which provides information for the monitoring of rainfall and its impact on the study area.<\/p>\n\n\n\n<h4 class=\"wp-block-heading\"><a href=\"http:\/\/170.210.103.47\/\">GeoNode<\/a><\/h4>\n\n\n\n<p>GeoNode is an open source platform based on a Web interface that allows you to define and share geospatial data and maps.<\/p>\n\n\n\n<h4 class=\"wp-block-heading\"><a href=\"https:\/\/redhidro.unlu.edu.ar\/\">Hydrometric network<\/a><\/h4>\n\n\n\n<p>Collection system of measurements in&nbsp;<em>quasi<\/em>&nbsp;real time of the height of the Luj\u00e1n River, distributed over a large part of the basin. This application is part of an early warning system of excessive river growth that can generate flooding.<\/p>\n\n\n\n<h4 class=\"wp-block-heading\"><a href=\"http:\/\/calc.cidetic.unlu.edu.ar\/\">RStudio Server<\/a><\/h4>\n\n\n\n<p>Rstudio Server is a system that allows the remote execution of R code in Linux servers. A web interface based on the popular IDE RStudio allows users to access the service.<\/p>\n\n\n\n<h4 class=\"wp-block-heading\" id=\"mce_4\"><a href=\"https:\/\/gitlab.com\/cidetic\/guru\">Repository of the User Group of R of UNLu (GURU)<\/a><\/h4>\n\n\n\n<p>Repository code used to promote the use of the programming language R in the UNLu. In it you can find examples used in courses, presentations, test data and make consultations to other users.<\/p>","protected":false},"excerpt":{"rendered":"<p>Servicio de c\u00e1lculo de la m\u00e9trica&nbsp;Integrated Biomaker Response&nbsp;(IBR) Aplicaci\u00f3n para el c\u00f3mputo de la m\u00e9trica IBR (Integrated Biomaker Response) sobre las bases de una serie de variables provistas por el usuario y de acuerdo a un requerimiento del laboratorio PRODEA-UNLu. Red Pluviom\u00e9trica de la Cuenca del R\u00edo Luj\u00e1n Sistema colaborativo (crowdsourced) de recolecci\u00f3n de mediciones [&hellip;]<\/p>","protected":false},"author":3,"featured_media":0,"parent":0,"menu_order":0,"comment_status":"closed","ping_status":"closed","template":"","meta":{"footnotes":""},"class_list":["post-874","page","type-page","status-publish","hentry"],"_links":{"self":[{"href":"https:\/\/cidetic.unlu.edu.ar\/en\/wp-json\/wp\/v2\/pages\/874","targetHints":{"allow":["GET"]}}],"collection":[{"href":"https:\/\/cidetic.unlu.edu.ar\/en\/wp-json\/wp\/v2\/pages"}],"about":[{"href":"https:\/\/cidetic.unlu.edu.ar\/en\/wp-json\/wp\/v2\/types\/page"}],"author":[{"embeddable":true,"href":"https:\/\/cidetic.unlu.edu.ar\/en\/wp-json\/wp\/v2\/users\/3"}],"replies":[{"embeddable":true,"href":"https:\/\/cidetic.unlu.edu.ar\/en\/wp-json\/wp\/v2\/comments?post=874"}],"version-history":[{"count":3,"href":"https:\/\/cidetic.unlu.edu.ar\/en\/wp-json\/wp\/v2\/pages\/874\/revisions"}],"predecessor-version":[{"id":881,"href":"https:\/\/cidetic.unlu.edu.ar\/en\/wp-json\/wp\/v2\/pages\/874\/revisions\/881"}],"wp:attachment":[{"href":"https:\/\/cidetic.unlu.edu.ar\/en\/wp-json\/wp\/v2\/media?parent=874"}],"curies":[{"name":"wp","href":"https:\/\/api.w.org\/{rel}","templated":true}]}}